{"id":2,"date":"2024-03-09T08:23:34","date_gmt":"2024-03-09T08:23:34","guid":{"rendered":"https:\/\/www.raz2tri.cz\/?page_id=2"},"modified":"2024-11-09T13:24:26","modified_gmt":"2024-11-09T13:24:26","slug":"sample-page","status":"publish","type":"page","link":"https:\/\/www.raz2tri.cz\/","title":{"rendered":"La r\u00e9daction Web SEO pour votre entreprise"},"content":{"rendered":"\n<h3 class=\"wp-block-heading\">Quels sont les avantages d\u2019embaucher un r\u00e9dacteur ?<\/h3>\n\n\n\n<p>\u00catre propri\u00e9taire d\u2019une entreprise ne signifie pas que vous \u00eates un r\u00e9dacteur expert.&nbsp;Il faut des comp\u00e9tences sp\u00e9cifiques et le bon \u00e9tat d\u2019esprit pour cr\u00e9er une copie qui atteindra les bons objectifs au bon endroit au bon moment.&nbsp;La publication d\u2019un texte sans strat\u00e9gie peut avoir un effet n\u00e9gatif sur votre entreprise et il faudra du temps et de l\u2019argent pour y rem\u00e9dier.<\/p>\n\n\n\n<p><a href=\"https:\/\/www.redacteur-web-freelance.com\/\" target=\"_blank\" rel=\"noreferrer noopener\">D\u2019apr\u00e8s le site RWF<\/a>, l\u2019embauche d\u2019un r\u00e9dacteur peut vous aider \u00e0&nbsp;:&nbsp;<\/p>\n\n\n\n<ul class=\"wp-block-list\">\n<li>R\u00e9diger un texte puissant et efficace pour les besoins sp\u00e9cifiques de votre entreprise<\/li>\n\n\n\n<li>Vous assurer que votre copie est exempte de fautes de grammaire et d\u2019orthographe<\/li>\n\n\n\n<li>Voir votre entreprise sous un nouvel angle<\/li>\n\n\n\n<li>Rel\u00e2cher la tension d\u2019avoir \u00e0 \u00e9crire la copie vous-m\u00eame<\/li>\n\n\n\n<li>\u00c9conomiser \u00e0 vous et \u00e0 vos employ\u00e9s du temps destin\u00e9 \u00e0 d\u2019autres t\u00e2ches<\/li>\n<\/ul>\n\n\n\n<p>Selon vos besoins et votre budget, vous pouvez embaucher un r\u00e9dacteur junior ou quelqu\u2019un qui se sp\u00e9cialise dans un type de copie particulier ou dans une certaine industrie.&nbsp;<\/p>\n\n\n\n<h3 class=\"wp-block-heading\">Pourquoi une copie de qualit\u00e9 est-elle importante pour une entreprise&nbsp;?<\/h3>\n\n\n\n<p>Pour bien fonctionner, une entreprise a besoin de vendre ses produits ou d\u2019\u00eatre embauch\u00e9e pour ses services.&nbsp;C\u2019est l\u00e0 qu\u2019une bonne copie entre en jeu. Le but principal de la copie est que les gens voient vos publicit\u00e9s, vos partages sur les r\u00e9seaux sociaux, vos pages de destination et se sentent inspir\u00e9s pour d\u00e9penser leur argent.&nbsp;C\u2019est pourquoi une bonne r\u00e9daction est essentielle pour transformer les prospects en clients payants.<\/p>\n\n\n\n<p>Il y a une progression des choses positives qu\u2019une bonne copie fait pour votre entreprise ;<\/p>\n\n\n\n<ol class=\"wp-block-list\">\n<li>Premi\u00e8rement, cela a un impact \u00e9motionnel sur les clients potentiels avec des mots.<\/li>\n\n\n\n<li>Cet impact \u00e9motionnel leur donne l\u2019impression qu\u2019ils peuvent s\u2019identifier \u00e0 votre marque.<\/li>\n\n\n\n<li>Lorsqu\u2019ils s\u2019identifieront, ils auront l\u2019impression que votre marque peut r\u00e9soudre leur probl\u00e8me ou leur point douloureux.<\/li>\n\n\n\n<li>L\u2019appel \u00e0 l\u2019action aide \u00e0 les motiver \u00e0 faire un achat. Attention toutefois \u00e0 ce que les CTA en majuscules soient bien orthographi\u00e9s pour \u00e9viter les confusions,\u00a0notamment en accentuant les lettres comme le <a href=\"https:\/\/www.redacteur-web-freelance.com\/comment-faire-laccent-sur-e-majuscule-e-5-techniques\/\">\u00e9 majuscule<\/a> et le <a href=\"https:\/\/www.redacteur-web-freelance.com\/codes-html-lettres-majuscules-accentuees\/\">\u00e0 majuscule<\/a>.<\/li>\n\n\n\n<li>Cela entra\u00eene une augmentation des ventes et des conversions pour votre entreprise.<\/li>\n<\/ol>\n\n\n\n<p>Comme vous le voyez, la r\u00e9daction a un r\u00f4le important dans le succ\u00e8s de votre entreprise.&nbsp;C\u2019est pourquoi il faut le faire strat\u00e9giquement.&nbsp;Actualiser la copie de votre entreprise dans la bonne direction peut am\u00e9liorer consid\u00e9rablement les conversions.&nbsp;<\/p>\n\n\n\n<h3 class=\"wp-block-heading\">Conclusion<\/h3>\n\n\n\n<p>Le copywriting n\u2019a pas \u00e0 \u00eatre myst\u00e9rieux ou compliqu\u00e9.&nbsp;Il faut de la recherche, des comp\u00e9tences et une compr\u00e9hension approfondie des besoins et des objectifs de votre entreprise, mais les avantages d\u2019embaucher un bon r\u00e9dacteur ne peuvent \u00eatre surestim\u00e9s.&nbsp;<\/p>\n\n\n\n<p>Embaucher un r\u00e9dacteur pour aider votre entreprise vous fait gagner du temps et apporte des comp\u00e9tences expertes \u00e0 votre entreprise pour avoir le meilleur impact sur vos r\u00e9sultats.&nbsp;Un r\u00e9dacteur qualifi\u00e9 qui dispose de toutes les informations dont il a besoin peut amplifier vos efforts de marketing et votre retour sur investissement vers de nouveaux sommets&nbsp;et conserver votre image de marque&nbsp;aupr\u00e8s de votre public cible.&nbsp;<\/p>\n","protected":false},"excerpt":{"rendered":"<p>Quels sont les avantages d\u2019embaucher un r\u00e9dacteur ? \u00catre propri\u00e9taire d\u2019une entreprise ne signifie pas que vous \u00eates un r\u00e9dacteur expert.&nbsp;Il faut des comp\u00e9tences sp\u00e9cifiques et le bon \u00e9tat d\u2019esprit pour cr\u00e9er une copie qui atteindra les bons objectifs au bon endroit au bon moment.&nbsp;La publication d\u2019un texte sans strat\u00e9gie peut avoir un effet n\u00e9gatif [&hellip;]<\/p>\n","protected":false},"author":1,"featured_media":0,"parent":0,"menu_order":0,"comment_status":"closed","ping_status":"open","template":"","meta":{"footnotes":""},"class_list":["post-2","page","type-page","status-publish","hentry"],"yoast_head":"<!-- This site is optimized with the Yoast SEO plugin v27.5 - https:\/\/yoast.com\/product\/yoast-seo-wordpress\/ -->\n<title>La r\u00e9daction Web SEO pour votre entreprise - RAZ2TRI<\/title>\n<meta name=\"robots\" content=\"index, follow, max-snippet:-1, max-image-preview:large, max-video-preview:-1\" \/>\n<link rel=\"canonical\" href=\"https:\/\/www.raz2tri.cz\/\" \/>\n<meta property=\"og:locale\" content=\"fr_FR\" \/>\n<meta property=\"og:type\" content=\"article\" \/>\n<meta property=\"og:title\" content=\"La r\u00e9daction Web SEO pour votre entreprise - RAZ2TRI\" \/>\n<meta property=\"og:description\" content=\"Quels sont les avantages d\u2019embaucher un r\u00e9dacteur ? \u00catre propri\u00e9taire d\u2019une entreprise ne signifie pas que vous \u00eates un r\u00e9dacteur expert.&nbsp;Il faut des comp\u00e9tences sp\u00e9cifiques et le bon \u00e9tat d\u2019esprit pour cr\u00e9er une copie qui atteindra les bons objectifs au bon endroit au bon moment.&nbsp;La publication d\u2019un texte sans strat\u00e9gie peut avoir un effet n\u00e9gatif [&hellip;]\" \/>\n<meta property=\"og:url\" content=\"https:\/\/www.raz2tri.cz\/\" \/>\n<meta property=\"og:site_name\" content=\"RAZ2TRI\" \/>\n<meta property=\"article:modified_time\" content=\"2024-11-09T13:24:26+00:00\" \/>\n<meta name=\"twitter:card\" content=\"summary_large_image\" \/>\n<meta name=\"twitter:label1\" content=\"Dur\u00e9e de lecture estim\u00e9e\" \/>\n\t<meta name=\"twitter:data1\" content=\"3 minutes\" \/>\n<script type=\"application\/ld+json\" class=\"yoast-schema-graph\">{\"@context\":\"https:\\\/\\\/schema.org\",\"@graph\":[{\"@type\":\"WebPage\",\"@id\":\"https:\\\/\\\/www.raz2tri.cz\\\/\",\"url\":\"https:\\\/\\\/www.raz2tri.cz\\\/\",\"name\":\"La r\u00e9daction Web SEO pour votre entreprise - RAZ2TRI\",\"isPartOf\":{\"@id\":\"https:\\\/\\\/www.raz2tri.cz\\\/#website\"},\"datePublished\":\"2024-03-09T08:23:34+00:00\",\"dateModified\":\"2024-11-09T13:24:26+00:00\",\"breadcrumb\":{\"@id\":\"https:\\\/\\\/www.raz2tri.cz\\\/#breadcrumb\"},\"inLanguage\":\"fr-FR\",\"potentialAction\":[{\"@type\":\"ReadAction\",\"target\":[\"https:\\\/\\\/www.raz2tri.cz\\\/\"]}]},{\"@type\":\"BreadcrumbList\",\"@id\":\"https:\\\/\\\/www.raz2tri.cz\\\/#breadcrumb\",\"itemListElement\":[{\"@type\":\"ListItem\",\"position\":1,\"name\":\"Accueil\",\"item\":\"https:\\\/\\\/www.raz2tri.cz\\\/\"},{\"@type\":\"ListItem\",\"position\":2,\"name\":\"La r\u00e9daction Web SEO pour votre entreprise\"}]},{\"@type\":\"WebSite\",\"@id\":\"https:\\\/\\\/www.raz2tri.cz\\\/#website\",\"url\":\"https:\\\/\\\/www.raz2tri.cz\\\/\",\"name\":\"RAZ2TRI\",\"description\":\"Agence Web R&eacute;daction SEO\",\"potentialAction\":[{\"@type\":\"SearchAction\",\"target\":{\"@type\":\"EntryPoint\",\"urlTemplate\":\"https:\\\/\\\/www.raz2tri.cz\\\/?s={search_term_string}\"},\"query-input\":{\"@type\":\"PropertyValueSpecification\",\"valueRequired\":true,\"valueName\":\"search_term_string\"}}],\"inLanguage\":\"fr-FR\"}]}<\/script>\n<!-- \/ Yoast SEO plugin. -->","yoast_head_json":{"title":"La r\u00e9daction Web SEO pour votre entreprise - RAZ2TRI","robots":{"index":"index","follow":"follow","max-snippet":"max-snippet:-1","max-image-preview":"max-image-preview:large","max-video-preview":"max-video-preview:-1"},"canonical":"https:\/\/www.raz2tri.cz\/","og_locale":"fr_FR","og_type":"article","og_title":"La r\u00e9daction Web SEO pour votre entreprise - RAZ2TRI","og_description":"Quels sont les avantages d\u2019embaucher un r\u00e9dacteur ? \u00catre propri\u00e9taire d\u2019une entreprise ne signifie pas que vous \u00eates un r\u00e9dacteur expert.&nbsp;Il faut des comp\u00e9tences sp\u00e9cifiques et le bon \u00e9tat d\u2019esprit pour cr\u00e9er une copie qui atteindra les bons objectifs au bon endroit au bon moment.&nbsp;La publication d\u2019un texte sans strat\u00e9gie peut avoir un effet n\u00e9gatif [&hellip;]","og_url":"https:\/\/www.raz2tri.cz\/","og_site_name":"RAZ2TRI","article_modified_time":"2024-11-09T13:24:26+00:00","twitter_card":"summary_large_image","twitter_misc":{"Dur\u00e9e de lecture estim\u00e9e":"3 minutes"},"schema":{"@context":"https:\/\/schema.org","@graph":[{"@type":"WebPage","@id":"https:\/\/www.raz2tri.cz\/","url":"https:\/\/www.raz2tri.cz\/","name":"La r\u00e9daction Web SEO pour votre entreprise - RAZ2TRI","isPartOf":{"@id":"https:\/\/www.raz2tri.cz\/#website"},"datePublished":"2024-03-09T08:23:34+00:00","dateModified":"2024-11-09T13:24:26+00:00","breadcrumb":{"@id":"https:\/\/www.raz2tri.cz\/#breadcrumb"},"inLanguage":"fr-FR","potentialAction":[{"@type":"ReadAction","target":["https:\/\/www.raz2tri.cz\/"]}]},{"@type":"BreadcrumbList","@id":"https:\/\/www.raz2tri.cz\/#breadcrumb","itemListElement":[{"@type":"ListItem","position":1,"name":"Accueil","item":"https:\/\/www.raz2tri.cz\/"},{"@type":"ListItem","position":2,"name":"La r\u00e9daction Web SEO pour votre entreprise"}]},{"@type":"WebSite","@id":"https:\/\/www.raz2tri.cz\/#website","url":"https:\/\/www.raz2tri.cz\/","name":"RAZ2TRI","description":"Agence Web R&eacute;daction SEO","potentialAction":[{"@type":"SearchAction","target":{"@type":"EntryPoint","urlTemplate":"https:\/\/www.raz2tri.cz\/?s={search_term_string}"},"query-input":{"@type":"PropertyValueSpecification","valueRequired":true,"valueName":"search_term_string"}}],"inLanguage":"fr-FR"}]}},"_links":{"self":[{"href":"https:\/\/www.raz2tri.cz\/index.php?rest_route=\/wp\/v2\/pages\/2","targetHints":{"allow":["GET"]}}],"collection":[{"href":"https:\/\/www.raz2tri.cz\/index.php?rest_route=\/wp\/v2\/pages"}],"about":[{"href":"https:\/\/www.raz2tri.cz\/index.php?rest_route=\/wp\/v2\/types\/page"}],"author":[{"embeddable":true,"href":"https:\/\/www.raz2tri.cz\/index.php?rest_route=\/wp\/v2\/users\/1"}],"replies":[{"embeddable":true,"href":"https:\/\/www.raz2tri.cz\/index.php?rest_route=%2Fwp%2Fv2%2Fcomments&post=2"}],"version-history":[{"count":3,"href":"https:\/\/www.raz2tri.cz\/index.php?rest_route=\/wp\/v2\/pages\/2\/revisions"}],"predecessor-version":[{"id":17,"href":"https:\/\/www.raz2tri.cz\/index.php?rest_route=\/wp\/v2\/pages\/2\/revisions\/17"}],"wp:attachment":[{"href":"https:\/\/www.raz2tri.cz\/index.php?rest_route=%2Fwp%2Fv2%2Fmedia&parent=2"}],"curies":[{"name":"wp","href":"https:\/\/api.w.org\/{rel}","templated":true}]}}